{"id":2992,"date":"2024-07-05T07:03:51","date_gmt":"2024-07-05T05:03:51","guid":{"rendered":"http:\/\/decoralife.com\/decoracion\/"},"modified":"2024-09-20T08:15:45","modified_gmt":"2024-09-20T06:15:45","slug":"decoration","status":"publish","type":"page","link":"https:\/\/www.decoralife.com\/en\/decoration\/","title":{"rendered":"Decoration"},"content":{"rendered":"<h1>Decoration<\/h1>\n<div>\n<p><strong>Our decoration brands<\/strong><\/p>\n<\/div>\n<ul>\n<li>\n<p><img decoding=\"async\" src=\"\/decora24\/wp-content\/uploads\/2024\/07\/logo-classico-01.svg\" alt=\"\"><\/p>\n<h2>Classico<\/h2>\n<p><a href=\"#classico\"><\/a><\/p>\n<\/li>\n<li>\n<p><img decoding=\"async\" src=\"\/decora24\/wp-content\/uploads\/2024\/07\/griebling-logo.svg\" alt=\"\"><\/p>\n<h2>Griebling<\/h2>\n<p><a href=\"#griebling\"><\/a><\/p>\n<\/li>\n<li>\n<p><img decoding=\"async\" src=\"\/decora24\/wp-content\/uploads\/2024\/07\/capi-logo-h.svg\" alt=\"\"><\/p>\n<h2>Capi<\/h2>\n<p><a href=\"#capi\"><\/a><\/p>\n<\/li>\n<li>\n<p><img decoding=\"async\" src=\"\/decora24\/wp-content\/uploads\/2024\/07\/ndt-full-color-bk2.png\" alt=\"\"><\/p>\n<h2>Ndt<\/h2>\n<p><a href=\"#ndt\"><\/a><\/p>\n<\/li>\n<\/ul>\n<hr>\n<div>\n<div>CLASSICO<\/div>\n<\/div>\n<div>\n<\/div>\n<div>No hay cat\u00e1logos disponibles<\/div>\n<div>\n<div>GRIEBLING<\/div>\n<\/div>\n<div>\n<\/div>\n<div>No hay cat\u00e1logos disponibles<\/div>\n<div>\n<div>CAPI<\/div>\n<\/div>\n<div>\n<\/div>\n<div>No hay cat\u00e1logos disponibles<\/div>\n<div>\n<div>NDT<\/div>\n<\/div>\n<div>\n<\/div>\n<div>No hay cat\u00e1logos disponibles<\/div>\n<p><!--more--><br \/>\n<!-- {\"type\":\"layout\",\"children\":[{\"type\":\"section\",\"props\":{\"animation\":\"fade\",\"image\":\"wp-content\\\/uploads\\\/2024\\\/07\\\/icon-decoration-01.svg\",\"image_position\":\"center-center\",\"style\":\"primary\",\"title_breakpoint\":\"xl\",\"title_position\":\"top-left\",\"title_rotation\":\"left\",\"vertical_align\":\"middle\",\"width\":\"default\"},\"children\":[{\"type\":\"row\",\"children\":[{\"type\":\"column\",\"props\":{\"image_position\":\"center-center\",\"position_sticky_breakpoint\":\"m\"},\"children\":[{\"type\":\"headline\",\"props\":{\"animation\":\"slide-bottom-medium\",\"content\":\"Decoration\",\"margin\":\"medium\",\"position\":\"relative\",\"position_z_index\":\"1\",\"text_align\":\"center\",\"text_align_fallback\":\"center\",\"title_element\":\"h1\",\"title_style\":\"heading-small\"}}]}]}]},{\"type\":\"section\",\"props\":{\"animation\":\"fade\",\"animation_delay\":\"100\",\"header_transparent\":true,\"header_transparent_text_color\":\"dark\",\"image_position\":\"center-center\",\"padding_remove_bottom\":false,\"style\":\"default\",\"title_breakpoint\":\"xl\",\"title_position\":\"top-left\",\"title_rotation\":\"left\",\"vertical_align\":\"\",\"width\":\"default\"},\"children\":[{\"type\":\"row\",\"props\":{\"column_gap\":\"collapse\"},\"children\":[{\"type\":\"column\",\"props\":{\"image_position\":\"center-center\",\"position_sticky_breakpoint\":\"m\"},\"children\":[{\"type\":\"text\",\"props\":{\"animation\":\"slide-bottom-medium\",\"column_breakpoint\":\"m\",\"content\":\"\n\n<p><strong>Our decoration brands<\\\/strong><\\\/p>\",\"margin\":\"medium\",\"text_align\":\"center\",\"text_style\":\"large\"}},{\"type\":\"grid\",\"props\":{\"animation\":\"slide-bottom-medium\",\"attributes\":\"uk-height-match=\\\"target: .uk-card\\\"\",\"content_column_breakpoint\":\"m\",\"css\":\".el-item > a{\\n\\talign-content: center;\\n  \\tdisplay: flex;\\n    justify-content:center;\\n}\\n.el-image{\\n\\topacity:0.6;\\n    transition:all 0.3s ease-in-out;\\n}\\n\\n.el-item:hover .el-image{\\n\\topacity:1;\\n}\\n.el-title{\\n\\tdisplay:none;\\n}\",\"filter_align\":\"left\",\"filter_all\":true,\"filter_grid_breakpoint\":\"m\",\"filter_grid_width\":\"auto\",\"filter_position\":\"top\",\"filter_style\":\"tab\",\"grid_column_align\":false,\"grid_default\":\"2\",\"grid_divider\":false,\"grid_medium\":\"4\",\"grid_parallax_justify\":false,\"grid_row_align\":false,\"icon_width\":80,\"image_align\":\"top\",\"image_grid_breakpoint\":\"m\",\"image_grid_width\":\"1-2\",\"image_svg_color\":\"emphasis\",\"image_width\":\"200\",\"item_animation\":true,\"link_style\":\"default\",\"link_text\":\"\",\"margin\":\"default\",\"meta_align\":\"below-title\",\"meta_element\":\"div\",\"meta_style\":\"text-meta\",\"panel_link\":true,\"panel_padding\":\"small\",\"panel_style\":\"card-default\",\"show_content\":false,\"show_image\":true,\"show_link\":true,\"show_meta\":false,\"show_title\":true,\"text_align\":\"center\",\"title_align\":\"top\",\"title_element\":\"h2\",\"title_grid_breakpoint\":\"m\",\"title_grid_width\":\"1-2\",\"title_hover_style\":\"reset\"},\"children\":[{\"type\":\"grid_item\",\"props\":{\"image\":\"wp-content\\\/uploads\\\/2024\\\/07\\\/logo-classico-01.svg\",\"link\":\"#classico\",\"title\":\"Classico\"}},{\"type\":\"grid_item\",\"props\":{\"image\":\"wp-content\\\/uploads\\\/2024\\\/07\\\/griebling-logo.svg\",\"link\":\"#griebling\",\"title\":\"Griebling\"}},{\"type\":\"grid_item\",\"props\":{\"image\":\"wp-content\\\/uploads\\\/2024\\\/07\\\/capi-logo-h.svg\",\"link\":\"#capi\",\"meta\":\"\",\"title\":\"Capi\"}},{\"type\":\"grid_item\",\"props\":{\"image\":\"wp-content\\\/uploads\\\/2024\\\/07\\\/ndt-full-color-bk2.png\",\"link\":\"#ndt\",\"title\":\"Ndt\"}}]}]}]},{\"type\":\"row\",\"props\":{\"margin\":\"large\"},\"children\":[{\"type\":\"column\",\"props\":{\"image_position\":\"center-center\",\"position_sticky_breakpoint\":\"m\"},\"children\":[{\"type\":\"divider\",\"props\":{\"animation\":\"slide-bottom-medium\",\"divider_element\":\"hr\",\"divider_style\":\"icon\"}}]}]}],\"name\":\"Hero\",\"modified\":\"2021-03-22T10:07:09.875Z\"},{\"type\":\"section\",\"props\":{\"animation\":\"fade\",\"animation_delay\":\"100\",\"image_position\":\"center-center\",\"style\":\"default\",\"title_breakpoint\":\"xl\",\"title_position\":\"top-left\",\"title_rotation\":\"left\",\"vertical_align\":\"middle\",\"width\":\"default\"},\"children\":[{\"type\":\"row\",\"children\":[{\"type\":\"column\",\"props\":{\"id\":\"classico\",\"image_position\":\"center-center\",\"position_sticky_breakpoint\":\"m\",\"width_medium\":\"1-2\"},\"children\":[{\"type\":\"panel\",\"props\":{\"content_column_breakpoint\":\"m\",\"icon_width\":80,\"image_align\":\"top\",\"image_grid_breakpoint\":\"m\",\"image_grid_width\":\"1-2\",\"image_svg_color\":\"emphasis\",\"link_style\":\"default\",\"link_text\":\"Read more\",\"margin\":\"default\",\"meta_align\":\"below-title\",\"meta_element\":\"div\",\"meta_style\":\"text-meta\",\"panel_padding\":\"small\",\"panel_style\":\"card-default\",\"text_align\":\"center\",\"title\":\"CLASSICO\",\"title_align\":\"top\",\"title_element\":\"div\",\"title_grid_breakpoint\":\"m\",\"title_grid_width\":\"1-2\",\"title_hover_style\":\"reset\"}},{\"type\":\"grid\",\"props\":{\"animation\":\"slide-bottom-medium\",\"content_align\":true,\"content_column_breakpoint\":\"m\",\"content_margin\":\"medium\",\"filter_align\":\"left\",\"filter_all\":true,\"filter_grid_breakpoint\":\"m\",\"filter_grid_width\":\"auto\",\"filter_position\":\"top\",\"filter_style\":\"tab\",\"grid_column_align\":true,\"grid_default\":\"1\",\"grid_medium\":\"\",\"grid_row_gap\":\"large\",\"grid_small\":\"2\",\"icon_width\":80,\"image_align\":\"top\",\"image_grid_breakpoint\":\"m\",\"image_grid_width\":\"1-2\",\"image_height\":\"550\",\"image_link\":false,\"image_svg_color\":\"emphasis\",\"image_width\":\"400\",\"item_animation\":true,\"link_margin\":\"small\",\"link_size\":\"small\",\"link_style\":\"primary\",\"link_target\":true,\"link_text\":\"Download\",\"margin\":\"large\",\"meta_align\":\"below-title\",\"meta_color\":\"muted\",\"meta_element\":\"div\",\"meta_margin\":\"small\",\"meta_style\":\"text-small\",\"panel_content_width\":\"small\",\"panel_expand\":\"content\",\"panel_image_no_padding\":true,\"panel_link\":true,\"panel_padding\":\"small\",\"panel_style\":\"card-default\",\"parallax_easing\":\"1\",\"show_content\":true,\"show_image\":true,\"show_link\":true,\"show_meta\":true,\"show_title\":true,\"text_align\":\"center\",\"title_align\":\"top\",\"title_element\":\"h3\",\"title_grid_breakpoint\":\"m\",\"title_grid_width\":\"1-2\",\"title_hover_style\":\"reset\",\"title_link\":false,\"title_margin\":\"small\",\"title_style\":\"h5\"},\"children\":[{\"type\":\"grid_item\",\"source\":{\"query\":{\"name\":\"catalogos.customCatalogos\",\"arguments\":{\"terms\":[17],\"marca_operator\":\"IN\",\"users\":[],\"users_operator\":\"IN\",\"offset\":0,\"limit\":50,\"order\":\"date\",\"order_direction\":\"DESC\"}},\"props\":{\"title\":{\"filters\":{\"search\":\"\"},\"name\":\"title\"},\"image\":{\"filters\":{\"search\":\"\"},\"name\":\"field.portada_del_catalogo.url\"},\"meta\":{\"filters\":{\"search\":\"\"},\"name\":\"field.idioma\"},\"link\":{\"filters\":{\"search\":\"\"},\"name\":\"field.cataleg_pdf.url\"}}}}]},{\"type\":\"text\",\"props\":{\"animation\":\"slide-bottom-medium\",\"column_breakpoint\":\"m\",\"content\":\"No hay cat\\u00e1logos disponibles\",\"margin\":\"large\",\"text_align\":\"center\",\"text_style\":\"large\"},\"source\":{\"props\":{\"_condition\":{\"filters\":{\"condition\":\"!\"},\"name\":\"count\"}},\"query\":{\"name\":\"marcas.customMarca\",\"arguments\":{\"id\":17}}}}]},{\"type\":\"column\",\"props\":{\"id\":\"griebling\",\"image_position\":\"center-center\",\"position_sticky_breakpoint\":\"m\",\"width_medium\":\"1-2\"},\"children\":[{\"type\":\"panel\",\"props\":{\"content_column_breakpoint\":\"m\",\"icon_width\":80,\"image_align\":\"top\",\"image_grid_breakpoint\":\"m\",\"image_grid_width\":\"1-2\",\"image_svg_color\":\"emphasis\",\"link_style\":\"default\",\"link_text\":\"Read more\",\"margin\":\"default\",\"meta_align\":\"below-title\",\"meta_element\":\"div\",\"meta_style\":\"text-meta\",\"panel_padding\":\"small\",\"panel_style\":\"card-default\",\"text_align\":\"center\",\"title\":\"GRIEBLING\",\"title_align\":\"top\",\"title_element\":\"div\",\"title_grid_breakpoint\":\"m\",\"title_grid_width\":\"1-2\",\"title_hover_style\":\"reset\"}},{\"type\":\"grid\",\"props\":{\"animation\":\"slide-bottom-medium\",\"content_align\":true,\"content_column_breakpoint\":\"m\",\"content_margin\":\"medium\",\"filter_align\":\"left\",\"filter_all\":true,\"filter_grid_breakpoint\":\"m\",\"filter_grid_width\":\"auto\",\"filter_position\":\"top\",\"filter_style\":\"tab\",\"grid_column_align\":true,\"grid_default\":\"1\",\"grid_medium\":\"\",\"grid_parallax_justify\":false,\"grid_row_gap\":\"large\",\"grid_small\":\"2\",\"icon_width\":80,\"image_align\":\"top\",\"image_grid_breakpoint\":\"m\",\"image_grid_width\":\"1-2\",\"image_height\":\"550\",\"image_link\":false,\"image_svg_color\":\"emphasis\",\"image_width\":\"400\",\"item_animation\":true,\"link_margin\":\"small\",\"link_size\":\"small\",\"link_style\":\"primary\",\"link_text\":\"Download\",\"margin\":\"large\",\"meta_align\":\"below-title\",\"meta_color\":\"muted\",\"meta_element\":\"div\",\"meta_margin\":\"small\",\"meta_style\":\"text-small\",\"panel_content_width\":\"small\",\"panel_expand\":\"content\",\"panel_image_no_padding\":true,\"panel_link\":true,\"panel_padding\":\"small\",\"panel_style\":\"card-default\",\"parallax_easing\":\"1\",\"show_content\":true,\"show_image\":true,\"show_link\":true,\"show_meta\":true,\"show_title\":true,\"text_align\":\"center\",\"title_align\":\"top\",\"title_element\":\"h3\",\"title_grid_breakpoint\":\"m\",\"title_grid_width\":\"1-2\",\"title_hover_style\":\"reset\",\"title_link\":false,\"title_margin\":\"small\",\"title_style\":\"h5\"},\"children\":[{\"type\":\"grid_item\",\"source\":{\"query\":{\"name\":\"catalogos.customCatalogos\",\"arguments\":{\"terms\":[20],\"marca_operator\":\"IN\",\"users\":[],\"users_operator\":\"IN\",\"offset\":0,\"limit\":50,\"order\":\"date\",\"order_direction\":\"DESC\"}},\"props\":{\"title\":{\"filters\":{\"search\":\"\"},\"name\":\"title\"},\"image\":{\"filters\":{\"search\":\"\"},\"name\":\"field.portada_del_catalogo.url\"},\"meta\":{\"filters\":{\"search\":\"\"},\"name\":\"field.idioma\"},\"link\":{\"filters\":{\"search\":\"\"},\"name\":\"field.cataleg_pdf.url\"}}}}]},{\"type\":\"text\",\"props\":{\"animation\":\"slide-bottom-medium\",\"column_breakpoint\":\"m\",\"content\":\"No hay cat\\u00e1logos disponibles\",\"margin\":\"large\",\"text_align\":\"center\",\"text_style\":\"large\"},\"source\":{\"props\":{\"_condition\":{\"filters\":{\"condition\":\"!\"},\"name\":\"count\"}},\"query\":{\"name\":\"marcas.customMarca\",\"arguments\":{\"id\":20}}}}]}],\"props\":{\"divider\":true,\"layout\":\"1-2,1-2\"}}],\"name\":\"Classico i Griebling\"},{\"type\":\"section\",\"props\":{\"animation\":\"fade\",\"animation_delay\":\"100\",\"image_position\":\"center-center\",\"style\":\"default\",\"title_breakpoint\":\"xl\",\"title_position\":\"top-left\",\"title_rotation\":\"left\",\"vertical_align\":\"middle\",\"width\":\"default\"},\"children\":[{\"type\":\"row\",\"children\":[{\"type\":\"column\",\"props\":{\"id\":\"capi\",\"image_position\":\"center-center\",\"position_sticky_breakpoint\":\"m\",\"width_medium\":\"1-2\"},\"children\":[{\"type\":\"panel\",\"props\":{\"content_column_breakpoint\":\"m\",\"icon_width\":80,\"image_align\":\"top\",\"image_grid_breakpoint\":\"m\",\"image_grid_width\":\"1-2\",\"image_svg_color\":\"emphasis\",\"link_style\":\"default\",\"link_text\":\"Read more\",\"margin\":\"default\",\"meta_align\":\"below-title\",\"meta_element\":\"div\",\"meta_style\":\"text-meta\",\"panel_padding\":\"small\",\"panel_style\":\"card-default\",\"text_align\":\"center\",\"title\":\"CAPI\",\"title_align\":\"top\",\"title_element\":\"div\",\"title_grid_breakpoint\":\"m\",\"title_grid_width\":\"1-2\",\"title_hover_style\":\"reset\"}},{\"type\":\"grid\",\"props\":{\"animation\":\"slide-bottom-medium\",\"content_align\":true,\"content_column_breakpoint\":\"m\",\"content_margin\":\"medium\",\"filter_align\":\"left\",\"filter_all\":true,\"filter_grid_breakpoint\":\"m\",\"filter_grid_width\":\"auto\",\"filter_position\":\"top\",\"filter_style\":\"tab\",\"grid_column_align\":true,\"grid_default\":\"1\",\"grid_medium\":\"\",\"grid_parallax_justify\":false,\"grid_row_gap\":\"large\",\"grid_small\":\"2\",\"icon_width\":80,\"image_align\":\"top\",\"image_grid_breakpoint\":\"m\",\"image_grid_width\":\"1-2\",\"image_height\":\"550\",\"image_link\":false,\"image_svg_color\":\"emphasis\",\"image_width\":\"400\",\"item_animation\":true,\"link_margin\":\"small\",\"link_size\":\"small\",\"link_style\":\"primary\",\"link_target\":true,\"link_text\":\"Download\",\"margin\":\"large\",\"meta_align\":\"below-title\",\"meta_color\":\"muted\",\"meta_element\":\"div\",\"meta_margin\":\"small\",\"meta_style\":\"text-small\",\"panel_content_width\":\"small\",\"panel_expand\":\"content\",\"panel_image_no_padding\":true,\"panel_link\":true,\"panel_padding\":\"small\",\"panel_style\":\"card-default\",\"parallax_easing\":\"1\",\"show_content\":true,\"show_image\":true,\"show_link\":true,\"show_meta\":true,\"show_title\":true,\"text_align\":\"center\",\"title_align\":\"top\",\"title_element\":\"h3\",\"title_grid_breakpoint\":\"m\",\"title_grid_width\":\"1-2\",\"title_hover_style\":\"reset\",\"title_link\":false,\"title_margin\":\"small\",\"title_style\":\"h5\"},\"children\":[{\"type\":\"grid_item\",\"source\":{\"query\":{\"name\":\"catalogos.customCatalogos\",\"arguments\":{\"terms\":[18],\"marca_operator\":\"IN\",\"users\":[],\"users_operator\":\"IN\",\"offset\":0,\"limit\":50,\"order\":\"date\",\"order_direction\":\"DESC\"}},\"props\":{\"title\":{\"filters\":{\"search\":\"\"},\"name\":\"title\"},\"image\":{\"filters\":{\"search\":\"\"},\"name\":\"field.portada_del_catalogo.url\"},\"meta\":{\"filters\":{\"search\":\"\"},\"name\":\"field.idioma\"},\"link\":{\"filters\":{\"search\":\"\"},\"name\":\"field.cataleg_pdf.url\"}}}}]},{\"type\":\"text\",\"props\":{\"animation\":\"slide-bottom-medium\",\"column_breakpoint\":\"m\",\"content\":\"No hay cat\\u00e1logos disponibles\",\"margin\":\"large\",\"text_align\":\"center\",\"text_style\":\"large\"},\"source\":{\"props\":{\"_condition\":{\"filters\":{\"condition\":\"!\"},\"name\":\"count\"}},\"query\":{\"name\":\"marcas.customMarca\",\"arguments\":{\"id\":18}}}}]},{\"type\":\"column\",\"props\":{\"id\":\"ndt\",\"image_position\":\"center-center\",\"position_sticky_breakpoint\":\"m\",\"width_medium\":\"1-2\"},\"children\":[{\"type\":\"panel\",\"props\":{\"content_column_breakpoint\":\"m\",\"icon_width\":80,\"image_align\":\"top\",\"image_grid_breakpoint\":\"m\",\"image_grid_width\":\"1-2\",\"image_svg_color\":\"emphasis\",\"link_style\":\"default\",\"link_text\":\"Read more\",\"margin\":\"default\",\"meta_align\":\"below-title\",\"meta_element\":\"div\",\"meta_style\":\"text-meta\",\"panel_padding\":\"small\",\"panel_style\":\"card-default\",\"text_align\":\"center\",\"title\":\"NDT\",\"title_align\":\"top\",\"title_element\":\"div\",\"title_grid_breakpoint\":\"m\",\"title_grid_width\":\"1-2\",\"title_hover_style\":\"reset\"}},{\"type\":\"grid\",\"props\":{\"animation\":\"slide-bottom-medium\",\"content_align\":true,\"content_column_breakpoint\":\"m\",\"content_margin\":\"medium\",\"filter_align\":\"left\",\"filter_all\":true,\"filter_grid_breakpoint\":\"m\",\"filter_grid_width\":\"auto\",\"filter_position\":\"top\",\"filter_style\":\"tab\",\"grid_column_align\":true,\"grid_default\":\"1\",\"grid_medium\":\"\",\"grid_parallax_justify\":false,\"grid_row_gap\":\"large\",\"grid_small\":\"2\",\"icon_width\":80,\"image_align\":\"top\",\"image_grid_breakpoint\":\"m\",\"image_grid_width\":\"1-2\",\"image_height\":\"550\",\"image_link\":false,\"image_svg_color\":\"emphasis\",\"image_width\":\"400\",\"item_animation\":true,\"link_margin\":\"small\",\"link_size\":\"small\",\"link_style\":\"primary\",\"link_target\":true,\"link_text\":\"Download\",\"margin\":\"large\",\"meta_align\":\"below-title\",\"meta_color\":\"muted\",\"meta_element\":\"div\",\"meta_margin\":\"small\",\"meta_style\":\"text-small\",\"panel_content_width\":\"small\",\"panel_expand\":\"content\",\"panel_image_no_padding\":true,\"panel_link\":true,\"panel_padding\":\"small\",\"panel_style\":\"card-default\",\"parallax_easing\":\"1\",\"show_content\":true,\"show_image\":true,\"show_link\":true,\"show_meta\":true,\"show_title\":true,\"text_align\":\"center\",\"title_align\":\"top\",\"title_element\":\"h3\",\"title_grid_breakpoint\":\"m\",\"title_grid_width\":\"1-2\",\"title_hover_style\":\"reset\",\"title_link\":false,\"title_margin\":\"small\",\"title_style\":\"h5\"},\"children\":[{\"type\":\"grid_item\",\"source\":{\"query\":{\"name\":\"catalogos.customCatalogos\",\"arguments\":{\"terms\":[19],\"marca_operator\":\"IN\",\"users\":[],\"users_operator\":\"IN\",\"offset\":0,\"limit\":50,\"order\":\"date\",\"order_direction\":\"DESC\"}},\"props\":{\"title\":{\"filters\":{\"search\":\"\"},\"name\":\"title\"},\"image\":{\"filters\":{\"search\":\"\"},\"name\":\"field.portada_del_catalogo.url\"},\"meta\":{\"filters\":{\"search\":\"\"},\"name\":\"field.idioma\"},\"link\":{\"filters\":{\"search\":\"\"},\"name\":\"field.cataleg_pdf.url\"}}}}]},{\"type\":\"text\",\"props\":{\"animation\":\"slide-bottom-medium\",\"column_breakpoint\":\"m\",\"content\":\"No hay cat\\u00e1logos disponibles\",\"margin\":\"large\",\"text_align\":\"center\",\"text_style\":\"large\"},\"source\":{\"props\":{\"_condition\":{\"filters\":{\"condition\":\"!\"},\"name\":\"count\"}},\"query\":{\"name\":\"marcas.customMarca\",\"arguments\":{\"id\":19}}}}]}],\"props\":{\"divider\":true,\"layout\":\"1-2,1-2\"}}],\"name\":\"Capi i NDT\"}],\"version\":\"4.4.7\"} --><\/p>\n","protected":false},"excerpt":{"rendered":"<p>Decoration Our decoration brands Classico Griebling Capi Ndt CLASSICO No hay cat\u00e1logos disponibles GRIEBLING No hay cat\u00e1logos disponibles CAPI No hay cat\u00e1logos disponibles NDT No hay cat\u00e1logos disponibles<\/p>\n","protected":false},"author":1,"featured_media":0,"parent":0,"menu_order":0,"comment_status":"closed","ping_status":"closed","template":"","meta":{"_acf_changed":false,"footnotes":""},"class_list":["post-2992","page","type-page","status-publish","hentry"],"acf":[],"_links":{"self":[{"href":"https:\/\/www.decoralife.com\/en\/wp-json\/wp\/v2\/pages\/2992","targetHints":{"allow":["GET"]}}],"collection":[{"href":"https:\/\/www.decoralife.com\/en\/wp-json\/wp\/v2\/pages"}],"about":[{"href":"https:\/\/www.decoralife.com\/en\/wp-json\/wp\/v2\/types\/page"}],"author":[{"embeddable":true,"href":"https:\/\/www.decoralife.com\/en\/wp-json\/wp\/v2\/users\/1"}],"replies":[{"embeddable":true,"href":"https:\/\/www.decoralife.com\/en\/wp-json\/wp\/v2\/comments?post=2992"}],"version-history":[{"count":3,"href":"https:\/\/www.decoralife.com\/en\/wp-json\/wp\/v2\/pages\/2992\/revisions"}],"predecessor-version":[{"id":3038,"href":"https:\/\/www.decoralife.com\/en\/wp-json\/wp\/v2\/pages\/2992\/revisions\/3038"}],"wp:attachment":[{"href":"https:\/\/www.decoralife.com\/en\/wp-json\/wp\/v2\/media?parent=2992"}],"curies":[{"name":"wp","href":"https:\/\/api.w.org\/{rel}","templated":true}]}}